{"id":120,"date":"2025-10-30T01:14:02","date_gmt":"2025-10-30T04:14:02","guid":{"rendered":"https:\/\/carmob.ai\/blog\/?page_id=120"},"modified":"2025-11-28T16:34:02","modified_gmt":"2025-11-28T19:34:02","slug":"home","status":"publish","type":"page","link":"https:\/\/carmob.ai\/blog\/","title":{"rendered":"Veja as nossas \u00faltimas publica\u00e7\u00f5es!"},"content":{"rendered":"\n<div style=\"height:100px\" aria-hidden=\"true\" class=\"wp-block-spacer\"><\/div>\n\n\n<ul class=\"wp-block-latest-posts__list is-grid columns-3 wp-block-latest-posts\"><li><div class=\"wp-block-latest-posts__featured-image aligncenter\"><img loading=\"lazy\" decoding=\"async\" width=\"300\" height=\"251\" src=\"https:\/\/carmob.ai\/blog\/wp-content\/uploads\/2026\/04\/WhatsApp-Image-2026-04-24-at-15.43.11-300x251.jpeg\" class=\"attachment-medium size-medium wp-post-image\" alt=\"\" style=\"\" srcset=\"https:\/\/carmob.ai\/blog\/wp-content\/uploads\/2026\/04\/WhatsApp-Image-2026-04-24-at-15.43.11-300x251.jpeg 300w, https:\/\/carmob.ai\/blog\/wp-content\/uploads\/2026\/04\/WhatsApp-Image-2026-04-24-at-15.43.11-768x644.jpeg 768w, https:\/\/carmob.ai\/blog\/wp-content\/uploads\/2026\/04\/WhatsApp-Image-2026-04-24-at-15.43.11.jpeg 940w\" sizes=\"auto, (max-width: 300px) 100vw, 300px\" \/><\/div><a class=\"wp-block-latest-posts__post-title\" href=\"https:\/\/carmob.ai\/blog\/vitrificacao-e-ppf-guia-completo-de-protecao-de-pintura-para-carros-novos-e-seminovos\/\">Vitrifica\u00e7\u00e3o e PPF: guia completo de prote\u00e7\u00e3o de pintura para carros novos e seminovos<\/a><div class=\"wp-block-latest-posts__post-excerpt\">O que \u00e9 prote\u00e7\u00e3o de pintura automotiva premium Prote\u00e7\u00e3o de\u2026 <a class=\"wp-block-latest-posts__read-more\" href=\"https:\/\/carmob.ai\/blog\/vitrificacao-e-ppf-guia-completo-de-protecao-de-pintura-para-carros-novos-e-seminovos\/\" rel=\"noopener noreferrer\">Read more<span class=\"screen-reader-text\">: Vitrifica\u00e7\u00e3o e PPF: guia completo de prote\u00e7\u00e3o de pintura para carros novos e seminovos<\/span><\/a><\/div><\/li>\n<li><div class=\"wp-block-latest-posts__featured-image aligncenter\"><img loading=\"lazy\" decoding=\"async\" width=\"300\" height=\"178\" src=\"https:\/\/carmob.ai\/blog\/wp-content\/uploads\/2026\/04\/WhatsApp-Image-2026-04-08-at-01.20.32-e1775622113605-300x178.jpeg\" class=\"attachment-medium size-medium wp-post-image\" alt=\"\" style=\"\" srcset=\"https:\/\/carmob.ai\/blog\/wp-content\/uploads\/2026\/04\/WhatsApp-Image-2026-04-08-at-01.20.32-e1775622113605-300x178.jpeg 300w, https:\/\/carmob.ai\/blog\/wp-content\/uploads\/2026\/04\/WhatsApp-Image-2026-04-08-at-01.20.32-e1775622113605-768x455.jpeg 768w, https:\/\/carmob.ai\/blog\/wp-content\/uploads\/2026\/04\/WhatsApp-Image-2026-04-08-at-01.20.32-e1775622113605.jpeg 931w\" sizes=\"auto, (max-width: 300px) 100vw, 300px\" \/><\/div><a class=\"wp-block-latest-posts__post-title\" href=\"https:\/\/carmob.ai\/blog\/intertraffic-tendencias-em-mobilidade-e-estacionamento-que-estao-transformando-o-setor\/\">Intertraffic: tend\u00eancias em mobilidade e estacionamento que est\u00e3o transformando o setor<\/a><div class=\"wp-block-latest-posts__post-excerpt\">A Intertraffic Amsterdam \u00e9 um dos principais eventos globais de\u2026 <a class=\"wp-block-latest-posts__read-more\" href=\"https:\/\/carmob.ai\/blog\/intertraffic-tendencias-em-mobilidade-e-estacionamento-que-estao-transformando-o-setor\/\" rel=\"noopener noreferrer\">Read more<span class=\"screen-reader-text\">: Intertraffic: tend\u00eancias em mobilidade e estacionamento que est\u00e3o transformando o setor<\/span><\/a><\/div><\/li>\n<li><div class=\"wp-block-latest-posts__featured-image aligncenter\"><img loading=\"lazy\" decoding=\"async\" width=\"300\" height=\"251\" src=\"https:\/\/carmob.ai\/blog\/wp-content\/uploads\/2026\/03\/WhatsApp-Image-2026-03-26-at-01.14.46-1-300x251.jpeg\" class=\"attachment-medium size-medium wp-post-image\" alt=\"\" style=\"\" srcset=\"https:\/\/carmob.ai\/blog\/wp-content\/uploads\/2026\/03\/WhatsApp-Image-2026-03-26-at-01.14.46-1-300x251.jpeg 300w, https:\/\/carmob.ai\/blog\/wp-content\/uploads\/2026\/03\/WhatsApp-Image-2026-03-26-at-01.14.46-1-768x644.jpeg 768w, https:\/\/carmob.ai\/blog\/wp-content\/uploads\/2026\/03\/WhatsApp-Image-2026-03-26-at-01.14.46-1.jpeg 940w\" sizes=\"auto, (max-width: 300px) 100vw, 300px\" \/><\/div><a class=\"wp-block-latest-posts__post-title\" href=\"https:\/\/carmob.ai\/blog\/a-nova-jornada-de-compra-de-carros-como-o-digital-reescreveu-as-regras-do-setor\/\">A nova jornada de compra de carros:              Como o\u00a0digital\u00a0reescreveu as regras do setor<\/a><div class=\"wp-block-latest-posts__post-excerpt\">O consumidor de hoje visita menos concession\u00e1rias, pesquisa por mais\u2026 <a class=\"wp-block-latest-posts__read-more\" href=\"https:\/\/carmob.ai\/blog\/a-nova-jornada-de-compra-de-carros-como-o-digital-reescreveu-as-regras-do-setor\/\" rel=\"noopener noreferrer\">Read more<span class=\"screen-reader-text\">: A nova jornada de compra de carros:              Como o\u00a0digital\u00a0reescreveu as regras do setor<\/span><\/a><\/div><\/li>\n<li><div class=\"wp-block-latest-posts__featured-image aligncenter\"><img loading=\"lazy\" decoding=\"async\" width=\"300\" height=\"251\" src=\"https:\/\/carmob.ai\/blog\/wp-content\/uploads\/2026\/03\/WhatsApp-Image-2026-03-04-at-15.19.28-300x251.jpeg\" class=\"attachment-medium size-medium wp-post-image\" alt=\"\" style=\"\" srcset=\"https:\/\/carmob.ai\/blog\/wp-content\/uploads\/2026\/03\/WhatsApp-Image-2026-03-04-at-15.19.28-300x251.jpeg 300w, https:\/\/carmob.ai\/blog\/wp-content\/uploads\/2026\/03\/WhatsApp-Image-2026-03-04-at-15.19.28-768x644.jpeg 768w, https:\/\/carmob.ai\/blog\/wp-content\/uploads\/2026\/03\/WhatsApp-Image-2026-03-04-at-15.19.28.jpeg 940w\" sizes=\"auto, (max-width: 300px) 100vw, 300px\" \/><\/div><a class=\"wp-block-latest-posts__post-title\" href=\"https:\/\/carmob.ai\/blog\/7-estrategias-como-melhorar-a-experiencia-do-cliente-na-estetica-automotiva-usando-tecnologia\/\">7 estrat\u00e9gias: Como melhorar a experi\u00eancia do cliente na Est\u00e9tica Automotiva usando tecnologia<\/a><div class=\"wp-block-latest-posts__post-excerpt\">A concorr\u00eancia na est\u00e9tica automotiva est\u00e1 cada vez maior, e\u2026 <a class=\"wp-block-latest-posts__read-more\" href=\"https:\/\/carmob.ai\/blog\/7-estrategias-como-melhorar-a-experiencia-do-cliente-na-estetica-automotiva-usando-tecnologia\/\" rel=\"noopener noreferrer\">Read more<span class=\"screen-reader-text\">: 7 estrat\u00e9gias: Como melhorar a experi\u00eancia do cliente na Est\u00e9tica Automotiva usando tecnologia<\/span><\/a><\/div><\/li>\n<li><div class=\"wp-block-latest-posts__featured-image aligncenter\"><img loading=\"lazy\" decoding=\"async\" width=\"300\" height=\"251\" src=\"https:\/\/carmob.ai\/blog\/wp-content\/uploads\/2026\/02\/WhatsApp-Image-2026-02-06-at-14.36.42-300x251.jpeg\" class=\"attachment-medium size-medium wp-post-image\" alt=\"\" style=\"\" srcset=\"https:\/\/carmob.ai\/blog\/wp-content\/uploads\/2026\/02\/WhatsApp-Image-2026-02-06-at-14.36.42-300x251.jpeg 300w, https:\/\/carmob.ai\/blog\/wp-content\/uploads\/2026\/02\/WhatsApp-Image-2026-02-06-at-14.36.42-768x644.jpeg 768w, https:\/\/carmob.ai\/blog\/wp-content\/uploads\/2026\/02\/WhatsApp-Image-2026-02-06-at-14.36.42.jpeg 940w\" sizes=\"auto, (max-width: 300px) 100vw, 300px\" \/><\/div><a class=\"wp-block-latest-posts__post-title\" href=\"https:\/\/carmob.ai\/blog\/como-organizar-a-gestao-do-estacionamento-em-feriados-e-periodos-de-alta-demanda\/\">Gest\u00e3o de Estacionamento em dias de alto fluxo: Como evitar filas, erros e perdas financeiras<\/a><div class=\"wp-block-latest-posts__post-excerpt\">Fazer a gest\u00e3o de estacionamento em dias como Carnaval, feriados\u2026 <a class=\"wp-block-latest-posts__read-more\" href=\"https:\/\/carmob.ai\/blog\/como-organizar-a-gestao-do-estacionamento-em-feriados-e-periodos-de-alta-demanda\/\" rel=\"noopener noreferrer\">Read more<span class=\"screen-reader-text\">: Gest\u00e3o de Estacionamento em dias de alto fluxo: Como evitar filas, erros e perdas financeiras<\/span><\/a><\/div><\/li>\n<li><div class=\"wp-block-latest-posts__featured-image aligncenter\"><img loading=\"lazy\" decoding=\"async\" width=\"300\" height=\"251\" src=\"https:\/\/carmob.ai\/blog\/wp-content\/uploads\/2026\/01\/WhatsApp-Image-2026-01-26-at-14.31.25-300x251.jpeg\" class=\"attachment-medium size-medium wp-post-image\" alt=\"\" style=\"\" srcset=\"https:\/\/carmob.ai\/blog\/wp-content\/uploads\/2026\/01\/WhatsApp-Image-2026-01-26-at-14.31.25-300x251.jpeg 300w, https:\/\/carmob.ai\/blog\/wp-content\/uploads\/2026\/01\/WhatsApp-Image-2026-01-26-at-14.31.25-768x644.jpeg 768w, https:\/\/carmob.ai\/blog\/wp-content\/uploads\/2026\/01\/WhatsApp-Image-2026-01-26-at-14.31.25.jpeg 940w\" sizes=\"auto, (max-width: 300px) 100vw, 300px\" \/><\/div><a class=\"wp-block-latest-posts__post-title\" href=\"https:\/\/carmob.ai\/blog\/gestao-de-estacionamentos-como-planejar-controlar-e-crescer-desde-o-inicio-do-ano\/\">Gest\u00e3o de Estacionamentos: Como planejar, controlar e crescer desde o in\u00edcio do ano<\/a><div class=\"wp-block-latest-posts__post-excerpt\">O come\u00e7o do ano \u00e9 o momento mais estrat\u00e9gico para\u2026 <a class=\"wp-block-latest-posts__read-more\" href=\"https:\/\/carmob.ai\/blog\/gestao-de-estacionamentos-como-planejar-controlar-e-crescer-desde-o-inicio-do-ano\/\" rel=\"noopener noreferrer\">Read more<span class=\"screen-reader-text\">: Gest\u00e3o de Estacionamentos: Como planejar, controlar e crescer desde o in\u00edcio do ano<\/span><\/a><\/div><\/li>\n<li><div class=\"wp-block-latest-posts__featured-image aligncenter\"><img loading=\"lazy\" decoding=\"async\" width=\"300\" height=\"251\" src=\"https:\/\/carmob.ai\/blog\/wp-content\/uploads\/2025\/12\/WhatsApp-Image-2026-02-06-at-14.51.21-300x251.jpeg\" class=\"attachment-medium size-medium wp-post-image\" alt=\"\" style=\"\" srcset=\"https:\/\/carmob.ai\/blog\/wp-content\/uploads\/2025\/12\/WhatsApp-Image-2026-02-06-at-14.51.21-300x251.jpeg 300w, https:\/\/carmob.ai\/blog\/wp-content\/uploads\/2025\/12\/WhatsApp-Image-2026-02-06-at-14.51.21-768x644.jpeg 768w, https:\/\/carmob.ai\/blog\/wp-content\/uploads\/2025\/12\/WhatsApp-Image-2026-02-06-at-14.51.21.jpeg 940w\" sizes=\"auto, (max-width: 300px) 100vw, 300px\" \/><\/div><a class=\"wp-block-latest-posts__post-title\" href=\"https:\/\/carmob.ai\/blog\/automacao-em-estacionamentos-urbanos-as-tendencias-que-vao-redefinir-2026\/\">Automa\u00e7\u00e3o em Estacionamentos Urbanos: As tend\u00eancias que v\u00e3o redefinir 2026<\/a><div class=\"wp-block-latest-posts__post-excerpt\">A transforma\u00e7\u00e3o do &#8220;estacionar&#8221; no cen\u00e1rio urbano atual Estacionar est\u00e1\u2026 <a class=\"wp-block-latest-posts__read-more\" href=\"https:\/\/carmob.ai\/blog\/automacao-em-estacionamentos-urbanos-as-tendencias-que-vao-redefinir-2026\/\" rel=\"noopener noreferrer\">Read more<span class=\"screen-reader-text\">: Automa\u00e7\u00e3o em Estacionamentos Urbanos: As tend\u00eancias que v\u00e3o redefinir 2026<\/span><\/a><\/div><\/li>\n<li><div class=\"wp-block-latest-posts__featured-image aligncenter\"><img loading=\"lazy\" decoding=\"async\" width=\"300\" height=\"251\" src=\"https:\/\/carmob.ai\/blog\/wp-content\/uploads\/2025\/10\/WhatsApp-Image-2026-03-04-at-15.23.39-300x251.jpeg\" class=\"attachment-medium size-medium wp-post-image\" alt=\"\" style=\"\" srcset=\"https:\/\/carmob.ai\/blog\/wp-content\/uploads\/2025\/10\/WhatsApp-Image-2026-03-04-at-15.23.39-300x251.jpeg 300w, https:\/\/carmob.ai\/blog\/wp-content\/uploads\/2025\/10\/WhatsApp-Image-2026-03-04-at-15.23.39-768x644.jpeg 768w, https:\/\/carmob.ai\/blog\/wp-content\/uploads\/2025\/10\/WhatsApp-Image-2026-03-04-at-15.23.39.jpeg 940w\" sizes=\"auto, (max-width: 300px) 100vw, 300px\" \/><\/div><a class=\"wp-block-latest-posts__post-title\" href=\"https:\/\/carmob.ai\/blog\/auditoria-com-cameras-lpr-mais-controle-menos-perdas-e-faturamento-em-alta\/\">Auditoria com C\u00e2meras LPR: Mais controle, menos perdas e faturamento em alta<\/a><div class=\"wp-block-latest-posts__post-excerpt\">Monitoramento Inteligente com LPR O que \u00e9 Auditoria via LPR?A\u2026 <a class=\"wp-block-latest-posts__read-more\" href=\"https:\/\/carmob.ai\/blog\/auditoria-com-cameras-lpr-mais-controle-menos-perdas-e-faturamento-em-alta\/\" rel=\"noopener noreferrer\">Read more<span class=\"screen-reader-text\">: Auditoria com C\u00e2meras LPR: Mais controle, menos perdas e faturamento em alta<\/span><\/a><\/div><\/li>\n<li><div class=\"wp-block-latest-posts__featured-image aligncenter\"><img loading=\"lazy\" decoding=\"async\" width=\"300\" height=\"251\" src=\"https:\/\/carmob.ai\/blog\/wp-content\/uploads\/2025\/10\/WhatsApp-Image-2026-02-06-at-14.48.34-2-300x251.jpeg\" class=\"attachment-medium size-medium wp-post-image\" alt=\"\" style=\"\" srcset=\"https:\/\/carmob.ai\/blog\/wp-content\/uploads\/2025\/10\/WhatsApp-Image-2026-02-06-at-14.48.34-2-300x251.jpeg 300w, https:\/\/carmob.ai\/blog\/wp-content\/uploads\/2025\/10\/WhatsApp-Image-2026-02-06-at-14.48.34-2-768x644.jpeg 768w, https:\/\/carmob.ai\/blog\/wp-content\/uploads\/2025\/10\/WhatsApp-Image-2026-02-06-at-14.48.34-2.jpeg 940w\" sizes=\"auto, (max-width: 300px) 100vw, 300px\" \/><\/div><a class=\"wp-block-latest-posts__post-title\" href=\"https:\/\/carmob.ai\/blog\/descubra-como-a-digitalizacao-esta-transformando-esteticas-automotivas-12-estrategias-poderosas-para-modernizar-seu-negocio\/\">Descubra como a tecnologia est\u00e1 transformando Est\u00e9ticas Automotivas<\/a><div class=\"wp-block-latest-posts__post-excerpt\">12 Estrat\u00e9gias Poderosas para Modernizar seu Neg\u00f3cio O setor de\u2026 <a class=\"wp-block-latest-posts__read-more\" href=\"https:\/\/carmob.ai\/blog\/descubra-como-a-digitalizacao-esta-transformando-esteticas-automotivas-12-estrategias-poderosas-para-modernizar-seu-negocio\/\" rel=\"noopener noreferrer\">Read more<span class=\"screen-reader-text\">: Descubra como a tecnologia est\u00e1 transformando Est\u00e9ticas Automotivas<\/span><\/a><\/div><\/li>\n<li><div class=\"wp-block-latest-posts__featured-image aligncenter\"><img loading=\"lazy\" decoding=\"async\" width=\"300\" height=\"251\" src=\"https:\/\/carmob.ai\/blog\/wp-content\/uploads\/2025\/10\/WhatsApp-Image-2026-02-06-at-14.57.49-300x251.jpeg\" class=\"attachment-medium size-medium wp-post-image\" alt=\"\" style=\"\" srcset=\"https:\/\/carmob.ai\/blog\/wp-content\/uploads\/2025\/10\/WhatsApp-Image-2026-02-06-at-14.57.49-300x251.jpeg 300w, https:\/\/carmob.ai\/blog\/wp-content\/uploads\/2025\/10\/WhatsApp-Image-2026-02-06-at-14.57.49-768x644.jpeg 768w, https:\/\/carmob.ai\/blog\/wp-content\/uploads\/2025\/10\/WhatsApp-Image-2026-02-06-at-14.57.49.jpeg 940w\" sizes=\"auto, (max-width: 300px) 100vw, 300px\" \/><\/div><a class=\"wp-block-latest-posts__post-title\" href=\"https:\/\/carmob.ai\/blog\/a-importancia-da-experiencia-do-cliente-em-estacionamentos-o-diferencial-que-define-a-escolha-do-usuario\/\">A import\u00e2ncia da experi\u00eancia do cliente em Estacionamentos<\/a><div class=\"wp-block-latest-posts__post-excerpt\">O diferencial que define a escolha do usu\u00e1rio Experi\u00eancia do\u2026 <a class=\"wp-block-latest-posts__read-more\" href=\"https:\/\/carmob.ai\/blog\/a-importancia-da-experiencia-do-cliente-em-estacionamentos-o-diferencial-que-define-a-escolha-do-usuario\/\" rel=\"noopener noreferrer\">Read more<span class=\"screen-reader-text\">: A import\u00e2ncia da experi\u00eancia do cliente em Estacionamentos<\/span><\/a><\/div><\/li>\n<\/ul>","protected":false},"excerpt":{"rendered":"","protected":false},"author":1,"featured_media":0,"parent":0,"menu_order":0,"comment_status":"closed","ping_status":"closed","template":"","meta":{"footnotes":""},"class_list":["post-120","page","type-page","status-publish","hentry"],"_links":{"self":[{"href":"https:\/\/carmob.ai\/blog\/wp-json\/wp\/v2\/pages\/120","targetHints":{"allow":["GET"]}}],"collection":[{"href":"https:\/\/carmob.ai\/blog\/wp-json\/wp\/v2\/pages"}],"about":[{"href":"https:\/\/carmob.ai\/blog\/wp-json\/wp\/v2\/types\/page"}],"author":[{"embeddable":true,"href":"https:\/\/carmob.ai\/blog\/wp-json\/wp\/v2\/users\/1"}],"replies":[{"embeddable":true,"href":"https:\/\/carmob.ai\/blog\/wp-json\/wp\/v2\/comments?post=120"}],"version-history":[{"count":11,"href":"https:\/\/carmob.ai\/blog\/wp-json\/wp\/v2\/pages\/120\/revisions"}],"predecessor-version":[{"id":512,"href":"https:\/\/carmob.ai\/blog\/wp-json\/wp\/v2\/pages\/120\/revisions\/512"}],"wp:attachment":[{"href":"https:\/\/carmob.ai\/blog\/wp-json\/wp\/v2\/media?parent=120"}],"curies":[{"name":"wp","href":"https:\/\/api.w.org\/{rel}","templated":true}]}}